{"id":215,"date":"2025-07-29T00:20:10","date_gmt":"2025-07-28T22:20:10","guid":{"rendered":"https:\/\/etedesoudayas.com\/a-propos-du-festival\/"},"modified":"2025-07-29T00:23:19","modified_gmt":"2025-07-28T22:23:19","slug":"a-propos-du-festival","status":"publish","type":"page","link":"https:\/\/etedesoudayas.com\/fr\/a-propos-du-festival\/","title":{"rendered":"\u00c0 propos du Festival"},"content":{"rendered":"<p data-start=\"226\" data-end=\"665\">Le <strong data-start=\"229\" data-end=\"259\">Festival \u201c\u00c9t\u00e9 des Oudayas\u201d<\/strong> (\u0635\u064a\u0641 \u0627\u0644\u0623\u0648\u062f\u0627\u064a\u0629) est un \u00e9v\u00e9nement artistique et culturel embl\u00e9matique organis\u00e9 chaque \u00e9t\u00e9 dans le cadre enchanteur de la Kasbah des Oudayas, \u00e0 Rabat. Initi\u00e9 par le Minist\u00e8re de la Jeunesse, de la Culture et de la Communication, en partenariat avec plusieurs institutions et m\u00e9dias, ce festival a pour vocation de promouvoir la richesse musicale marocaine et de valoriser le patrimoine immat\u00e9riel du Royaume.<\/p>\n<p data-start=\"667\" data-end=\"1057\">Ce rendez-vous estival r\u00e9unit sur sc\u00e8ne des artistes de renom repr\u00e9sentant la diversit\u00e9 des genres musicaux marocains : musique andalouse, malhoun, amazighe, cha\u00e2bi, musique soufie, a\u00efta, musique moderne et fusions contemporaines. Chaque soir\u00e9e du festival est une c\u00e9l\u00e9bration de la cr\u00e9ation artistique marocaine, dans une ambiance conviviale et populaire, ouverte \u00e0 tous et en acc\u00e8s libre.<\/p>\n<p data-start=\"1059\" data-end=\"1420\">Au-del\u00e0 des concerts, le Festival \u201c\u00c9t\u00e9 des Oudayas\u201d est un espace de rencontre et de partage entre les g\u00e9n\u00e9rations, entre artistes et public, et un moment fort du calendrier culturel de la capitale. L&rsquo;\u00e9v\u00e9nement s&rsquo;inscrit \u00e9galement dans une volont\u00e9 de faire rayonner la ville de Rabat, class\u00e9e patrimoine mondial par l\u2019UNESCO, comme capitale culturelle du Maroc.<\/p>\n","protected":false},"excerpt":{"rendered":"<p>Le Festival \u201c\u00c9t\u00e9 des Oudayas\u201d (\u0635\u064a\u0641 \u0627\u0644\u0623\u0648\u062f\u0627\u064a\u0629) est un \u00e9v\u00e9nement artistique et culturel embl\u00e9matique organis\u00e9 chaque \u00e9t\u00e9 dans le cadre enchanteur de la Kasbah des Oudayas,<span class=\"excerpt-hellip\"> [\u2026]<\/span><\/p>\n","protected":false},"author":1,"featured_media":0,"parent":0,"menu_order":0,"comment_status":"closed","ping_status":"closed","template":"","meta":{"footnotes":""},"class_list":["post-215","page","type-page","status-publish","hentry"],"_links":{"self":[{"href":"https:\/\/etedesoudayas.com\/fr\/wp-json\/wp\/v2\/pages\/215","targetHints":{"allow":["GET"]}}],"collection":[{"href":"https:\/\/etedesoudayas.com\/fr\/wp-json\/wp\/v2\/pages"}],"about":[{"href":"https:\/\/etedesoudayas.com\/fr\/wp-json\/wp\/v2\/types\/page"}],"author":[{"embeddable":true,"href":"https:\/\/etedesoudayas.com\/fr\/wp-json\/wp\/v2\/users\/1"}],"replies":[{"embeddable":true,"href":"https:\/\/etedesoudayas.com\/fr\/wp-json\/wp\/v2\/comments?post=215"}],"version-history":[{"count":2,"href":"https:\/\/etedesoudayas.com\/fr\/wp-json\/wp\/v2\/pages\/215\/revisions"}],"predecessor-version":[{"id":219,"href":"https:\/\/etedesoudayas.com\/fr\/wp-json\/wp\/v2\/pages\/215\/revisions\/219"}],"wp:attachment":[{"href":"https:\/\/etedesoudayas.com\/fr\/wp-json\/wp\/v2\/media?parent=215"}],"curies":[{"name":"wp","href":"https:\/\/api.w.org\/{rel}","templated":true}]}}